{"id":801,"date":"2025-11-04T12:57:00","date_gmt":"2025-11-04T11:57:00","guid":{"rendered":"https:\/\/kaffen-demo.bslthemes.com\/?page_id=801"},"modified":"2025-11-18T09:03:50","modified_gmt":"2025-11-18T08:03:50","slug":"impressum","status":"publish","type":"page","link":"https:\/\/www.achtzehn97.de\/cm25\/impressum\/","title":{"rendered":"Impressum"},"content":{"rendered":"\t\t<div data-elementor-type=\"wp-page\" data-elementor-id=\"801\" class=\"elementor elementor-801\" data-elementor-post-type=\"page\">\n\t\t\t\t\t\t<section class=\"elementor-section elementor-top-section elementor-element elementor-element-bb23242 elementor-section-full_width elementor-section-height-min-height elementor-section-height-default elementor-section-items-middle\" data-id=\"bb23242\" data-element_type=\"section\">\n\t\t\t\t\t\t<div class=\"elementor-container elementor-column-gap-no\">\n\t\t\t\t\t<div class=\"elementor-column elementor-col-100 elementor-top-column elementor-element elementor-element-f088294\" data-id=\"f088294\" data-element_type=\"column\">\n\t\t\t<div class=\"elementor-widget-wrap elementor-element-populated\">\n\t\t\t\t<div class=\"elementor-element elementor-element-3eeab89 e-flex e-con-boxed e-con e-parent\" data-id=\"3eeab89\" data-element_type=\"container\">\n\t\t\t\t\t<div class=\"e-con-inner\">\n\t\t<div class=\"elementor-element elementor-element-aa30c7d e-grid e-con-full e-con e-child\" data-id=\"aa30c7d\" data-element_type=\"container\">\n\t\t\t\t<div class=\"elementor-element elementor-element-c219194 elementor-widget elementor-widget-image\" data-id=\"c219194\" data-element_type=\"widget\" data-widget_type=\"image.default\">\n\t\t\t\t\t\t\t\t\t\t\t\t\t\t\t\t<a href=\"https:\/\/www.achtzehn97.de\/cm25\/\">\n\t\t\t\t\t\t\t<img fetchpriority=\"high\" decoding=\"async\" width=\"1186\" height=\"606\" src=\"https:\/\/www.achtzehn97.de\/cm25\/wp-content\/uploads\/2025\/11\/logo2.webp\" class=\"attachment-full size-full wp-image-9087\" alt=\"\" srcset=\"https:\/\/www.achtzehn97.de\/cm25\/wp-content\/uploads\/2025\/11\/logo2.webp 1186w, https:\/\/www.achtzehn97.de\/cm25\/wp-content\/uploads\/2025\/11\/logo2-300x153.webp 300w, https:\/\/www.achtzehn97.de\/cm25\/wp-content\/uploads\/2025\/11\/logo2-1024x523.webp 1024w, https:\/\/www.achtzehn97.de\/cm25\/wp-content\/uploads\/2025\/11\/logo2-768x392.webp 768w, https:\/\/www.achtzehn97.de\/cm25\/wp-content\/uploads\/2025\/11\/logo2-900x460.webp 900w\" sizes=\"(max-width: 1186px) 100vw, 1186px\" \/>\t\t\t\t\t\t\t\t<\/a>\n\t\t\t\t\t\t\t\t\t\t\t\t\t\t\t<\/div>\n\t\t\t\t<div class=\"elementor-element elementor-element-228d504 elementor-widget elementor-widget-text-editor\" data-id=\"228d504\" data-element_type=\"widget\" data-widget_type=\"text-editor.default\">\n\t\t\t\t\t\t\t\t\t<p><a href=\"https:\/\/www.achtzehn97.de\/cm25\/\">HOME<\/a>\u00a0 |\u00a0 <a href=\"#aktuell\">AKTUELLES<\/a>\u00a0 |\u00a0 <a href=\"#reservierung\">RESERVIERUNG<\/a>\u00a0 |<br \/>TEL.<a href=\"tel:+49%20911%20664%20639%2090\"> 0911-664 639 90 <\/a><\/p>\t\t\t\t\t\t\t\t<\/div>\n\t\t\t\t<\/div>\n\t\t\t\t\t<\/div>\n\t\t\t\t<\/div>\n\t\t\t\t\t<\/div>\n\t\t<\/div>\n\t\t\t\t\t<\/div>\n\t\t<\/section>\n\t\t\t\t<section class=\"elementor-section elementor-top-section elementor-element elementor-element-dd512ed elementor-section-full_width elementor-section-height-default elementor-section-height-default\" data-id=\"dd512ed\" data-element_type=\"section\">\n\t\t\t\t\t\t<div class=\"elementor-container elementor-column-gap-no\">\n\t\t\t\t\t<div class=\"elementor-column elementor-col-100 elementor-top-column elementor-element elementor-element-ddd34ec\" data-id=\"ddd34ec\" data-element_type=\"column\">\n\t\t\t<div class=\"elementor-widget-wrap elementor-element-populated\">\n\t\t\t\t\t\t<div class=\"elementor-element elementor-element-1a134e3 elementor-widget elementor-widget-kaffen-started\" data-id=\"1a134e3\" data-element_type=\"widget\" data-widget_type=\"kaffen-started.default\">\n\t\t\t\t<div class=\"elementor-widget-container\">\n\t\t\t\t\t\n    <!-- Section Started Inner -->\n    <section class=\"section kf-started-inner\">\n      <div class=\"kf-parallax-bg js-parallax\" style=\"background-image: url('https:\/\/www.achtzehn97.de\/cm25\/wp-content\/uploads\/2025\/10\/PXL_20240407_092120043.PORTRAIT.jpg');\"><\/div>\n\t  <div class=\"container\">\n                <h1 class=\"kf-h-title text-anim-1 scroll-animate\" data-splitting=\"chars\" data-animate=\"active\">\n          <span >\n            Impressum\n          <\/span>\n        <\/h1>\n        \n\t\t\t\t      <\/div>\n    <\/section>\n\n\t\t\t\t\t\t<\/div>\n\t\t\t\t<\/div>\n\t\t\t\t\t<\/div>\n\t\t<\/div>\n\t\t\t\t\t<\/div>\n\t\t<\/section>\n\t\t\t\t<section class=\"elementor-section elementor-top-section elementor-element elementor-element-8f8ac44 elementor-section-boxed elementor-section-height-default elementor-section-height-default\" data-id=\"8f8ac44\" data-element_type=\"section\">\n\t\t\t\t\t\t<div class=\"elementor-container elementor-column-gap-no\">\n\t\t\t\t\t<div class=\"elementor-column elementor-col-100 elementor-top-column elementor-element elementor-element-d6dc54b\" data-id=\"d6dc54b\" data-element_type=\"column\">\n\t\t\t<div class=\"elementor-widget-wrap elementor-element-populated\">\n\t\t\t\t\t\t<div class=\"elementor-element elementor-element-6f9dda1 elementor-widget elementor-widget-text-editor\" data-id=\"6f9dda1\" data-element_type=\"widget\" data-widget_type=\"text-editor.default\">\n\t\t\t\t\t\t\t\t\t<section class=\"container-wrap main-color\"><div class=\"section-container container\"><div class=\"row\"><div class=\"col-sm-8 wpb_column column_container\"><div class=\"wpb_wrapper\"><div class=\"kleo_text_column wpb_content_element \"><div class=\"wpb_wrapper\"><h1>Impressum<\/h1><h2>Angaben gem\u00e4\u00df \u00a7 5 TMG:<\/h2><p>Hendrik Biehl<br \/>achtzehn97 Cafe \u2013 Weinbar<br \/>Gostenhofer Hauptstr. 73<br \/>90443 N\u00fcrnberg<\/p><h2>Kontakt:<\/h2><table><tbody><tr><td>Telefon:<\/td><td>0911 \u2013 664 63 990<\/td><\/tr><tr><td>E-Mail:<\/td><td>info@achtzehn97.de<\/td><\/tr><\/tbody><\/table><h2>Umsatzsteuer-ID:<\/h2><p>Umsatzsteuer-Identifikationsnummer gem\u00e4\u00df \u00a727 a Umsatzsteuergesetz:<br \/>240\/331\/03944<\/p><p>Quelle: <em><a href=\"http:\/\/www.e-recht24.de\" rel=\"nofollow\">http:\/\/www.e-recht24.de<\/a><\/em><\/p><\/div><\/div><\/div><\/div><div class=\"col-sm-4 wpb_column column_container\"><div class=\"wpb_wrapper\">\u00a0<\/div><\/div><\/div><\/div><\/section><section class=\"container-wrap main-color\"><div class=\"section-container container\"><div class=\"row\"><div class=\"col-sm-8 wpb_column column_container\"><div class=\"wpb_wrapper\"><div class=\"kleo_text_column wpb_content_element \"><div class=\"wpb_wrapper\"><h2>Haftungsausschluss (Disclaimer)<\/h2><p><strong>Haftung f\u00fcr Inhalte<\/strong><\/p><p>Als Diensteanbieter sind wir gem\u00e4\u00df \u00a7 7 Abs.1 TMG f\u00fcr eigene Inhalte auf diesen Seiten nach den allgemeinen Gesetzen verantwortlich. Nach \u00a7\u00a7 8 bis 10 TMG sind wir als Diensteanbieter jedoch nicht verpflichtet, \u00fcbermittelte oder gespeicherte fremde Informationen zu \u00fcberwachen oder nach Umst\u00e4nden zu forschen, die auf eine rechtswidrige T\u00e4tigkeit hinweisen. Verpflichtungen zur Entfernung oder Sperrung der Nutzung von Informationen nach den allgemeinen Gesetzen bleiben hiervon unber\u00fchrt. Eine diesbez\u00fcgliche Haftung ist jedoch erst ab dem Zeitpunkt der Kenntnis einer konkreten Rechtsverletzung m\u00f6glich. Bei Bekanntwerden von entsprechenden Rechtsverletzungen werden wir diese Inhalte umgehend entfernen.<\/p><p><strong>Haftung f\u00fcr Links<\/strong><\/p><p>Unser Angebot enth\u00e4lt Links zu externen Webseiten Dritter, auf deren Inhalte wir keinen Einfluss haben. Deshalb k\u00f6nnen wir f\u00fcr diese fremden Inhalte auch keine Gew\u00e4hr \u00fcbernehmen. F\u00fcr die Inhalte der verlinkten Seiten ist stets der jeweilige Anbieter oder Betreiber der Seiten verantwortlich. Die verlinkten Seiten wurden zum Zeitpunkt der Verlinkung auf m\u00f6gliche Rechtsverst\u00f6\u00dfe \u00fcberpr\u00fcft. Rechtswidrige Inhalte waren zum Zeitpunkt der Verlinkung nicht erkennbar. Eine permanente inhaltliche Kontrolle der verlinkten Seiten ist jedoch ohne konkrete Anhaltspunkte einer Rechtsverletzung nicht zumutbar. Bei Bekanntwerden von Rechtsverletzungen werden wir derartige Links umgehend entfernen.<\/p><p><strong>Urheberrecht<\/strong><\/p><p>Die durch die Seitenbetreiber erstellten Inhalte und Werke auf diesen Seiten unterliegen dem deutschen Urheberrecht. Die Vervielf\u00e4ltigung, Bearbeitung, Verbreitung und jede Art der Verwertung au\u00dferhalb der Grenzen des Urheberrechtes bed\u00fcrfen der schriftlichen Zustimmung des jeweiligen Autors bzw. Erstellers. Downloads und Kopien dieser Seite sind nur f\u00fcr den privaten, nicht kommerziellen Gebrauch gestattet. Soweit die Inhalte auf dieser Seite nicht vom Betreiber erstellt wurden, werden die Urheberrechte Dritter beachtet. Insbesondere werden Inhalte Dritter als solche gekennzeichnet. Sollten Sie trotzdem auf eine Urheberrechtsverletzung aufmerksam werden, bitten wir um einen entsprechenden Hinweis. Bei Bekanntwerden von Rechtsverletzungen werden wir derartige Inhalte umgehend entfernen.<\/p><\/div><\/div><\/div><\/div><\/div><\/div><\/section>\t\t\t\t\t\t\t\t<\/div>\n\t\t\t\t\t<\/div>\n\t\t<\/div>\n\t\t\t\t\t<\/div>\n\t\t<\/section>\n\t\t\t\t<\/div>\n\t\t","protected":false},"excerpt":{"rendered":"<p>HOME\u00a0 |\u00a0 AKTUELLES\u00a0 |\u00a0 RESERVIERUNG\u00a0 |TEL. 0911-664 639 90 Impressum Impressum Angaben gem\u00e4\u00df \u00a7 5 TMG: Hendrik Biehlachtzehn97 Cafe \u2013 WeinbarGostenhofer Hauptstr. 7390443 N\u00fcrnberg Kontakt: Telefon: 0911 \u2013 664 63 990 E-Mail: info@achtzehn97.de Umsatzsteuer-ID: Umsatzsteuer-Identifikationsnummer gem\u00e4\u00df \u00a727 a Umsatzsteuergesetz:240\/331\/03944 Quelle: http:\/\/www.e-recht24.de \u00a0 Haftungsausschluss (Disclaimer)&#8230; <\/p>\n<div class=\"readmore\"><a href=\"https:\/\/www.achtzehn97.de\/cm25\/impressum\/\" class=\"kf-btn-link\"><span>Read more<\/span> <i class=\"fas fa-chevron-right\"><\/i><\/a><\/div>\n","protected":false},"author":1,"featured_media":0,"parent":0,"menu_order":0,"comment_status":"closed","ping_status":"closed","template":"template-layout-builder.php","meta":{"_acf_changed":false,"footnotes":""},"class_list":["post-801","page","type-page","status-publish","hentry"],"acf":[],"_links":{"self":[{"href":"https:\/\/www.achtzehn97.de\/cm25\/wp-json\/wp\/v2\/pages\/801","targetHints":{"allow":["GET"]}}],"collection":[{"href":"https:\/\/www.achtzehn97.de\/cm25\/wp-json\/wp\/v2\/pages"}],"about":[{"href":"https:\/\/www.achtzehn97.de\/cm25\/wp-json\/wp\/v2\/types\/page"}],"author":[{"embeddable":true,"href":"https:\/\/www.achtzehn97.de\/cm25\/wp-json\/wp\/v2\/users\/1"}],"replies":[{"embeddable":true,"href":"https:\/\/www.achtzehn97.de\/cm25\/wp-json\/wp\/v2\/comments?post=801"}],"version-history":[{"count":14,"href":"https:\/\/www.achtzehn97.de\/cm25\/wp-json\/wp\/v2\/pages\/801\/revisions"}],"predecessor-version":[{"id":9136,"href":"https:\/\/www.achtzehn97.de\/cm25\/wp-json\/wp\/v2\/pages\/801\/revisions\/9136"}],"wp:attachment":[{"href":"https:\/\/www.achtzehn97.de\/cm25\/wp-json\/wp\/v2\/media?parent=801"}],"curies":[{"name":"wp","href":"https:\/\/api.w.org\/{rel}","templated":true}]}}